{"id":1574,"date":"2021-09-30T06:41:26","date_gmt":"2021-09-30T11:41:26","guid":{"rendered":"https:\/\/proyectos.colectiva.biz\/piscolablanco\/?post_type=product&#038;p=1574"},"modified":"2021-12-04T18:49:51","modified_gmt":"2021-12-04T23:49:51","slug":"pisco-lablanco-clasico-quebranta-2","status":"publish","type":"product","link":"https:\/\/piscolablanco.com\/\/producto\/pisco-lablanco-clasico-quebranta-2\/","title":{"rendered":"Pisco Lablanco Cl\u00e1sico Quebranta"},"content":{"rendered":"<p><b><i>COMPOSICI\u00d3N<br \/>\n<\/i><\/b>Capacidad 750ml. x Botella.\u00a0 Grado de Alcohol 40\u00b0.<\/p>\n<p><b><i>PRESENTACI\u00d3N<br \/>\n<\/i><\/b>Fina botella de vidrio transparente con etiquetas autoadhesivas plastificadas, en fino tubo de cart\u00f3n plastificado mate, impreso con dise\u00f1os del Kero Inca.<\/p>\n<p><b><i>DESCRIPCI\u00d3N<br \/>\n<\/i><\/b>C\u00e1lido, no\u00a0 ardiente, incoloro, limpio y brillante, de l\u00e1grimas densas y finas, agradable y muy bien equilibrado, de aromas a fruta seca, con suaves notas de tostado a falca, de sabor permanente y de gran cuerpo.<\/p>\n<p><b><i>TEMPERATURA<br \/>\n<\/i><\/b>Recomendable Decantar y Servir a 16\u00b0C.<\/p>\n<p><b><i>SUGERENCIAS<br \/>\n<\/i><\/b>Ideal como acompa\u00f1ante de carnes asadas, glaseadas y dulces de lim\u00f3n.<\/p>\n","protected":false},"excerpt":{"rendered":"<p>COMPOSICI\u00d3N Capacidad 750ml. x Botella.\u00a0 Grado de Alcohol 40\u00b0. PRESENTACI\u00d3N Fina botella de vidrio transparente con etiquetas autoadhesivas plastificadas, en fino tubo de cart\u00f3n plastificado mate, impreso con dise\u00f1os del Kero Inca. DESCRIPCI\u00d3N C\u00e1lido, no\u00a0 ardiente, incoloro, limpio y brillante, de l\u00e1grimas densas y finas, agradable y muy bien equilibrado, de aromas a fruta seca, [&hellip;]<\/p>\n","protected":false},"featured_media":555,"comment_status":"open","ping_status":"closed","template":"","meta":[],"product_cat":[27],"product_tag":[],"acf":[],"_links":{"self":[{"href":"https:\/\/piscolablanco.com\/\/wp-json\/wp\/v2\/product\/1574"}],"collection":[{"href":"https:\/\/piscolablanco.com\/\/wp-json\/wp\/v2\/product"}],"about":[{"href":"https:\/\/piscolablanco.com\/\/wp-json\/wp\/v2\/types\/product"}],"replies":[{"embeddable":true,"href":"https:\/\/piscolablanco.com\/\/wp-json\/wp\/v2\/comments?post=1574"}],"wp:featuredmedia":[{"embeddable":true,"href":"https:\/\/piscolablanco.com\/\/wp-json\/wp\/v2\/media\/555"}],"wp:attachment":[{"href":"https:\/\/piscolablanco.com\/\/wp-json\/wp\/v2\/media?parent=1574"}],"wp:term":[{"taxonomy":"product_cat","embeddable":true,"href":"https:\/\/piscolablanco.com\/\/wp-json\/wp\/v2\/product_cat?post=1574"},{"taxonomy":"product_tag","embeddable":true,"href":"https:\/\/piscolablanco.com\/\/wp-json\/wp\/v2\/product_tag?post=1574"}],"curies":[{"name":"wp","href":"https:\/\/api.w.org\/{rel}","templated":true}]}}