{"id":1571,"date":"2021-09-30T06:38:18","date_gmt":"2021-09-30T11:38:18","guid":{"rendered":"https:\/\/proyectos.colectiva.biz\/piscolablanco\/?post_type=product&#038;p=1571"},"modified":"2021-12-04T18:51:57","modified_gmt":"2021-12-04T23:51:57","slug":"pisco-lablanco-clasico-acholado","status":"publish","type":"product","link":"https:\/\/piscolablanco.com\/\/producto\/pisco-lablanco-clasico-acholado\/","title":{"rendered":"Pisco Lablanco Cl\u00e1sico Acholado"},"content":{"rendered":"<p><b><i>COMPOSICI\u00d3N<br \/>\n<\/i><\/b>Capacidad 500ml. x Botella.\u00a0 Grado de Alcohol 40\u00b0.<\/p>\n<p><b><i>PRESENTACI\u00d3N<br \/>\n<\/i><\/b>Fina botella de vidrio transparente con etiquetas autoadhesivas plastificadas, en fino tubo de cart\u00f3n plastificado mate impreso.<\/p>\n<p><b><i>DESCRIPCI\u00d3N<br \/>\n<\/i><\/b>Muy agradable, de aromas frutal y herbal, n\u00edspero, heno, de alcohol suave y de buen equilibrio, ligeramente dulce con un final largo con toques c\u00edtricos.<\/p>\n<p><b><i>TEMPERATURA<br \/>\n<\/i><\/b>Recomendable Decantar y Servir a 16\u00b0C.<\/p>\n<p><b><i>SUGERENCIAS<\/i><\/b><br \/>\nIdeal para beberlo solo o acompa\u00f1ante de estofados en salsa de pasas.<\/p>\n","protected":false},"excerpt":{"rendered":"<p>COMPOSICI\u00d3N Capacidad 500ml. x Botella.\u00a0 Grado de Alcohol 40\u00b0. PRESENTACI\u00d3N Fina botella de vidrio transparente con etiquetas autoadhesivas plastificadas, en fino tubo de cart\u00f3n plastificado mate impreso. DESCRIPCI\u00d3N Muy agradable, de aromas frutal y herbal, n\u00edspero, heno, de alcohol suave y de buen equilibrio, ligeramente dulce con un final largo con toques c\u00edtricos. TEMPERATURA Recomendable [&hellip;]<\/p>\n","protected":false},"featured_media":584,"comment_status":"open","ping_status":"closed","template":"","meta":[],"product_cat":[27],"product_tag":[],"acf":[],"_links":{"self":[{"href":"https:\/\/piscolablanco.com\/\/wp-json\/wp\/v2\/product\/1571"}],"collection":[{"href":"https:\/\/piscolablanco.com\/\/wp-json\/wp\/v2\/product"}],"about":[{"href":"https:\/\/piscolablanco.com\/\/wp-json\/wp\/v2\/types\/product"}],"replies":[{"embeddable":true,"href":"https:\/\/piscolablanco.com\/\/wp-json\/wp\/v2\/comments?post=1571"}],"wp:featuredmedia":[{"embeddable":true,"href":"https:\/\/piscolablanco.com\/\/wp-json\/wp\/v2\/media\/584"}],"wp:attachment":[{"href":"https:\/\/piscolablanco.com\/\/wp-json\/wp\/v2\/media?parent=1571"}],"wp:term":[{"taxonomy":"product_cat","embeddable":true,"href":"https:\/\/piscolablanco.com\/\/wp-json\/wp\/v2\/product_cat?post=1571"},{"taxonomy":"product_tag","embeddable":true,"href":"https:\/\/piscolablanco.com\/\/wp-json\/wp\/v2\/product_tag?post=1571"}],"curies":[{"name":"wp","href":"https:\/\/api.w.org\/{rel}","templated":true}]}}