{"id":1561,"date":"2021-09-30T06:31:02","date_gmt":"2021-09-30T11:31:02","guid":{"rendered":"https:\/\/proyectos.colectiva.biz\/piscolablanco\/?post_type=product&#038;p=1561"},"modified":"2021-12-04T19:09:45","modified_gmt":"2021-12-05T00:09:45","slug":"pisco-lablanco-mosto-verde-quebranta","status":"publish","type":"product","link":"https:\/\/piscolablanco.com\/\/producto\/pisco-lablanco-mosto-verde-quebranta\/","title":{"rendered":"Pisco Lablanco Mosto Verde Quebranta"},"content":{"rendered":"<p><b><i>COMPOSICI\u00d3N<br \/>\n<\/i><\/b>Capacidad 500ml. x Botella.\u00a0 Grado de Alcohol 40\u00b0.<\/p>\n<p><b><i>PRESENTACI\u00d3N<br \/>\n<\/i><\/b>Fina botella de vidrio pavonado grabado en serigraf\u00eda al horno con collar\u00edn autoadhesivo, en fino tubo de cart\u00f3n plastificado mate impreso.<\/p>\n<p><b><i>DESCRIPCI\u00d3N<br \/>\n<\/i><\/b>Brillante e incoloro, de aspecto limpio, con l\u00e1grimas densas y compactas, de aromas agradables a frutos dulces, maduros con toques de heno y recuerdos a n\u00edspero.<\/p>\n<p>Excelente suavidad en boca, sedoso, de alcohol equilibrado y calidez generosa, con sabor a t\u00edpica uva quebranta.<\/p>\n<p><b><i>TEMPERATURA<br \/>\n<\/i><\/b>Recomendable Decantar y Servir a 16\u00b0C.<\/p>\n<p><b><i>SUGERENCIAS<br \/>\n<\/i><\/b>Ideal como acompa\u00f1ante de postres frutados.<\/p>\n","protected":false},"excerpt":{"rendered":"<p>COMPOSICI\u00d3N Capacidad 500ml. x Botella.\u00a0 Grado de Alcohol 40\u00b0. PRESENTACI\u00d3N Fina botella de vidrio pavonado grabado en serigraf\u00eda al horno con collar\u00edn autoadhesivo, en fino tubo de cart\u00f3n plastificado mate impreso. DESCRIPCI\u00d3N Brillante e incoloro, de aspecto limpio, con l\u00e1grimas densas y compactas, de aromas agradables a frutos dulces, maduros con toques de heno y [&hellip;]<\/p>\n","protected":false},"featured_media":586,"comment_status":"open","ping_status":"closed","template":"","meta":[],"product_cat":[26],"product_tag":[],"acf":[],"_links":{"self":[{"href":"https:\/\/piscolablanco.com\/\/wp-json\/wp\/v2\/product\/1561"}],"collection":[{"href":"https:\/\/piscolablanco.com\/\/wp-json\/wp\/v2\/product"}],"about":[{"href":"https:\/\/piscolablanco.com\/\/wp-json\/wp\/v2\/types\/product"}],"replies":[{"embeddable":true,"href":"https:\/\/piscolablanco.com\/\/wp-json\/wp\/v2\/comments?post=1561"}],"wp:featuredmedia":[{"embeddable":true,"href":"https:\/\/piscolablanco.com\/\/wp-json\/wp\/v2\/media\/586"}],"wp:attachment":[{"href":"https:\/\/piscolablanco.com\/\/wp-json\/wp\/v2\/media?parent=1561"}],"wp:term":[{"taxonomy":"product_cat","embeddable":true,"href":"https:\/\/piscolablanco.com\/\/wp-json\/wp\/v2\/product_cat?post=1561"},{"taxonomy":"product_tag","embeddable":true,"href":"https:\/\/piscolablanco.com\/\/wp-json\/wp\/v2\/product_tag?post=1561"}],"curies":[{"name":"wp","href":"https:\/\/api.w.org\/{rel}","templated":true}]}}